{"id":916,"date":"2024-07-30T17:24:55","date_gmt":"2024-07-30T17:24:55","guid":{"rendered":"https:\/\/pruebatt.shop\/?page_id=916"},"modified":"2024-07-31T12:10:29","modified_gmt":"2024-07-31T12:10:29","slug":"terminos-y-condiciones","status":"publish","type":"page","link":"https:\/\/loschozos.com\/en\/terminos-y-condiciones\/","title":{"rendered":"Terms and Conditions"},"content":{"rendered":"<h3 class=\"wp-block-heading\">REGIMEN ALOJAMIENTO Y DESAYUNO<\/h3>\n\n\n\n<p>El desayuno est\u00e1 incluido en el precio de la estancia, y se sirve en la cafeter\u00eda-recepci\u00f3n en horario de 9,00 a 11,00.<\/p>\n\n\n\n<p><br>No tenemos servicio de restauraci\u00f3n (comidas y cenas.) a excepci\u00f3n de grupos concertados con antelaci\u00f3n. En cafeter\u00eda se sirven bebidas, snacks y desayunos.<br><br>La pensi\u00f3n alimenticia, actividades, uso de salones, comedor, cocina, etc, se presupuestan aparte y en funci\u00f3n de las posibilidades y disponibilidad de personal en cada momento.<br><br>2. ELECCI\u00d3N DE CHOZO<br><br>Todos los chozos tienen el mismo precio y la misma distribuci\u00f3n y superficie.<br>El cliente puede sugerirnos el chozo que desee y la direcci\u00f3n har\u00e1 lo posible por asignarle el chozo elegido o el m\u00e1s parecido en caracter\u00edsticas externas (situaci\u00f3n, vistas, etc).<br><br>3. RESERVA &#8211; FIANZA.<br><br>La reserva se confirma con un pago anticipado del 50%a trav\u00e9s de la pasarela virtual. El d\u00eda del checkin se abonar\u00e1 el total de la estancia contratada.<br><br><\/p>\n\n\n\n<p>Alternativamente, el pago anticipado se podr\u00e1 realizar mediante transferencia bancaria, facilitando al cliente el n\u00ba de cuenta o datos para realizar la transferencia en el momento de la pre-reserva.<\/p>\n\n\n\n<p>El cliente dispondr\u00e1 de 2 d\u00edas h\u00e1biles para hacer el pago de la fianza si es mediante transferencia, y Los Chozos mantendr\u00e1 bloqueada la reserva el mismo plazo para evitar overbooking. El cliente deber\u00e1 enviar el resguardo de la transferencia por email para la confirmaci\u00f3n de su reserva : loschozos@loschozos.com. Pasado dicho plazo sin confirmar la reserva, se le comunicar\u00e1 al cliente la nueva disponibilidad del chozo, y la empresa no ser\u00e1 responsable de una posible duplicidad en la reserva, asignando el chozo a un segundo interesado.<\/p>\n\n\n\n<p>EDAD MINIMA DE RESERVA 18 A\u00d1OS.<\/p>\n\n\n\n<p>4. PAGO SEGURO<br><br>Garantizamos que cada una de las transacciones realizadas en El Hotel Los Chozos es 100% segura. Todas las operaciones que implican la trasmisi\u00f3n de datos personales o bancarios se realizan utilizando un entorno seguro. El Hotel los Chozos utiliza un servidor basado en la tecnolog\u00eda de seguridad estandar SSL (Secure Socked Layer). Toda la informaci\u00f3n que nos transmitas viaja cifrada a trav\u00e9s de la red. (Si desea saber m\u00e1s visita nuestra secci\u00f3n Pago Seguro).<br><br>Asimismo, los datos sobre tu tarjeta de cr\u00e9dito no quedan registrados en ninguna base de datos, sino que van directamente al TPV (Terminal Punto de Venta) del Banco.<br><br>Adem\u00e1s, le informamos que, en un esfuerzo por proporcionar mayor seguridad a los propietarios de tarjetas de cr\u00e9dito, hemos incorporado en nuestra pasarela de pagos el sistema de pago seguro denominado CES (Comercio Electr\u00f3nico Seguro). De esta forma, si eres titular de una tarjeta securizada siempre podr\u00e1 efectuar pagos con tarjeta VISA o MASTERCARD en el Hotel.<br><br>En el caso de que su tarjeta no est\u00e9 adherida a este sistema de pago, El Hotel Los Chozos admitir\u00e1 el pago mediante transferencia bancaria facilitando un n\u00famero de cuenta bancaria.<br><br>En ambos casos, al pagar con tarjeta VISA o MASTERCARD se solicitar\u00e1n siempre los siguientes datos: el n\u00famero de tarjeta, la fecha de caducidad, y un C\u00f3digo de Validaci\u00f3n que coincide con las 3 \u00faltimas cifras del n\u00famero impreso en cursiva en el reverso de su tarjeta VISA o MASTERCARD, ofreciendo, de esta forma, m\u00e1s garant\u00edas acerca de la seguridad de la transacci\u00f3n.<br><br><br>5. RESERVAS M\u00cdNIMAS.<br><br>Las reservas se realizan por un m\u00ednimo de dos noches en d\u00edas laborables o fines de semana ordinarios (viernes a domingo o s\u00e1bado a lunes) y en puentes por 3, 4 o 5 noches (seg\u00fan calendario).<br><br>La tarifa de precios se ha fijado teniendo en cuenta esta ocupaci\u00f3n m\u00ednima. Por ello, la ocupaci\u00f3n de una sola noche laborable o en fin de semana se cargar\u00e1 con el 50% de la noche no consumida.<br><br>6. PROTECCI\u00d3N DE DATOS.<br>El hotel Los Chozos cumple con el Reglamento Europeo 2016\/679 General de Protecci\u00f3n de Datos. Por tanto, los datos que introduzca durante el proceso de reserva ser\u00e1n incorporados a un fichero automatizado cuya titularidad corresponde al propietario del Alojamiento reservado. Sus datos ser\u00e1n utilizados y tratados con fines de gesti\u00f3n y promoci\u00f3n por el Alojamiento, habi\u00e9ndose establecido las medidas oportunas para proteger su confidencialidad. Se reconocen expresamente los derechos de acceso, modificaci\u00f3n y cancelaci\u00f3n sobre los datos de car\u00e1cter personal almacenados. Para ejercitar estos derechos, puede dirigirse al Alojamiento mediante correo electr\u00f3nico o comunicaci\u00f3n telef\u00f3nica.<\/p>\n\n\n\n<p>Para m\u00e1s informaci\u00f3n, consulte nuestra pol\u00edtica de privacidad.<br><br>7. CHECK-IN ONLINE<\/p>\n\n\n\n<p>Para su mayor comodidad, el check-in se realizar\u00e1 online, para lo cual recibir\u00e1 instrucciones 2 d\u00edas antes de su entrada. Ante cualquier duda, puede llamar al 954637205.<\/p>\n\n\n\n<p>8. SE ADMITEN MASCOTAS BAJO SUPLEMENTO: 15 euros por mascota por la estancia completa.<br><br>9. Disponemos de barbacoa bajo disponibilidad y seg\u00fan temporada (Prohibido del 20 de mayo al 15 de Octubre; sujeto a otras indicaciones por parte de las autoridades)<br><br>10. La limpieza del chozo se hace uno o dos d\u00edas antes de su llegada. Si desea limpieza diaria es bajo demanda y con suplemento.<\/p>\n\n\n\n<p>11. POL\u00cdTICA DE CANCELACI\u00d3N<br><br>En caso de la anulaci\u00f3n de la reserva, comunicada fehacientemente (v\u00eda email con acuse de recibo por parte del Hotel) antes de 15 d\u00edas a la estancia, se reintegrar\u00e1 completamente al cliente el pago anticipado. Si se comunica con menos de 15 d\u00edas de antelaci\u00f3n y antes de las 48 horas a su estancia, no se devolver\u00e1 el pago anticipado, pero se guardar\u00e1 el dep\u00f3sito para otra fecha. Si la cancelaci\u00f3n se realiza dentro de las 48 horas a su llegada, el pago anticipado se pierde.<\/p>","protected":false},"excerpt":{"rendered":"<p>REGIMEN ALOJAMIENTO Y DESAYUNO El desayuno est\u00e1 incluido en el precio de la estancia, y se sirve en la cafeter\u00eda-recepci\u00f3n en horario de 9,00 a 11,00. No tenemos servicio de restauraci\u00f3n (comidas y cenas.) a excepci\u00f3n de grupos concertados con antelaci\u00f3n. En cafeter\u00eda se sirven bebidas, snacks y desayunos. La pensi\u00f3n alimenticia, actividades, uso de [&hellip;]<\/p>","protected":false},"author":1,"featured_media":0,"parent":0,"menu_order":0,"comment_status":"closed","ping_status":"closed","template":"","meta":{"footnotes":""},"class_list":["post-916","page","type-page","status-publish","hentry"],"blocksy_meta":[],"_links":{"self":[{"href":"https:\/\/loschozos.com\/en\/wp-json\/wp\/v2\/pages\/916","targetHints":{"allow":["GET"]}}],"collection":[{"href":"https:\/\/loschozos.com\/en\/wp-json\/wp\/v2\/pages"}],"about":[{"href":"https:\/\/loschozos.com\/en\/wp-json\/wp\/v2\/types\/page"}],"author":[{"embeddable":true,"href":"https:\/\/loschozos.com\/en\/wp-json\/wp\/v2\/users\/1"}],"replies":[{"embeddable":true,"href":"https:\/\/loschozos.com\/en\/wp-json\/wp\/v2\/comments?post=916"}],"version-history":[{"count":3,"href":"https:\/\/loschozos.com\/en\/wp-json\/wp\/v2\/pages\/916\/revisions"}],"predecessor-version":[{"id":963,"href":"https:\/\/loschozos.com\/en\/wp-json\/wp\/v2\/pages\/916\/revisions\/963"}],"wp:attachment":[{"href":"https:\/\/loschozos.com\/en\/wp-json\/wp\/v2\/media?parent=916"}],"curies":[{"name":"wp","href":"https:\/\/api.w.org\/{rel}","templated":true}]}}